{"id":7637,"date":"2025-09-24T15:56:47","date_gmt":"2025-09-24T18:56:47","guid":{"rendered":"https:\/\/www.eloconsultoria.com\/area-do-aluno\/?page_id=7637"},"modified":"2025-09-25T10:45:00","modified_gmt":"2025-09-25T13:45:00","slug":"validar-certificado","status":"publish","type":"page","link":"https:\/\/www.eloconsultoria.com\/area-do-aluno\/validar-certificado\/","title":{"rendered":"Validar"},"content":{"rendered":"\t\t<div data-elementor-type=\"wp-page\" data-elementor-id=\"7637\" class=\"elementor elementor-7637\" data-elementor-post-type=\"page\">\n\t\t\t\t<div class=\"elementor-element elementor-element-1e86d83 e-flex e-con-boxed e-con e-parent\" data-id=\"1e86d83\" data-element_type=\"container\" data-e-type=\"container\">\n\t\t\t\t\t<div class=\"e-con-inner\">\n\t\t\t\t<div class=\"elementor-element elementor-element-f06a9c9 elementor-widget elementor-widget-shortcode\" data-id=\"f06a9c9\" data-element_type=\"widget\" data-e-type=\"widget\" data-widget_type=\"shortcode.default\">\n\t\t\t\t<div class=\"elementor-widget-container\">\n\t\t\t\t\t\t\t<div class=\"elementor-shortcode\">    <div class=\"certificate-validator-form\">\n        <h2>Verifique a Autenticidade do Certificado<\/h2>\n        <p>Digite o c\u00f3digo de verifica\u00e7\u00e3o localizado no certificado<\/p>\n        \n        <form method=\"GET\" class=\"certificate-form\">\n            <input type=\"hidden\" name=\"page_id\" value=\"7637\">\n            \n            <div class=\"form-group\">\n                <input type=\"text\" name=\"certificate_code\" \n                       value=\"\"\n                       placeholder=\"Ex: 4fbb805e7274eb6f\" \n                       required \n                       class=\"certificate-input\">\n            <\/div>\n            <button type=\"submit\" class=\"validate-btn\">Validar Certificado<\/button>\n        <\/form>\n        \n        \n    <\/div>\n    <\/div>\n\t\t\t\t\t\t<\/div>\n\t\t\t\t<\/div>\n\t\t\t\t\t<\/div>\n\t\t\t\t<\/div>\n\t\t\t\t<\/div>\n\t\t","protected":false},"excerpt":{"rendered":"","protected":false},"author":43,"featured_media":0,"parent":0,"menu_order":0,"comment_status":"closed","ping_status":"closed","template":"","meta":{"_tutorstarter_page_metadata":[],"footnotes":""},"class_list":["post-7637","page","type-page","status-publish","hentry"],"_links":{"self":[{"href":"https:\/\/www.eloconsultoria.com\/area-do-aluno\/wp-json\/wp\/v2\/pages\/7637","targetHints":{"allow":["GET"]}}],"collection":[{"href":"https:\/\/www.eloconsultoria.com\/area-do-aluno\/wp-json\/wp\/v2\/pages"}],"about":[{"href":"https:\/\/www.eloconsultoria.com\/area-do-aluno\/wp-json\/wp\/v2\/types\/page"}],"author":[{"embeddable":true,"href":"https:\/\/www.eloconsultoria.com\/area-do-aluno\/wp-json\/wp\/v2\/users\/43"}],"replies":[{"embeddable":true,"href":"https:\/\/www.eloconsultoria.com\/area-do-aluno\/wp-json\/wp\/v2\/comments?post=7637"}],"version-history":[{"count":57,"href":"https:\/\/www.eloconsultoria.com\/area-do-aluno\/wp-json\/wp\/v2\/pages\/7637\/revisions"}],"predecessor-version":[{"id":7714,"href":"https:\/\/www.eloconsultoria.com\/area-do-aluno\/wp-json\/wp\/v2\/pages\/7637\/revisions\/7714"}],"wp:attachment":[{"href":"https:\/\/www.eloconsultoria.com\/area-do-aluno\/wp-json\/wp\/v2\/media?parent=7637"}],"curies":[{"name":"wp","href":"https:\/\/api.w.org\/{rel}","templated":true}]}}